{"id":32,"date":"2022-10-07T16:11:07","date_gmt":"2022-10-07T16:11:07","guid":{"rendered":"https:\/\/inter-co.com\/?page_id=32"},"modified":"2025-04-09T13:05:20","modified_gmt":"2025-04-09T17:05:20","slug":"homepage","status":"publish","type":"page","link":"https:\/\/inter-co.com\/es\/","title":{"rendered":"Inicio Inter-Co"},"content":{"rendered":"<div class=\"wp-block-columns is-layout-flex wp-container-core-columns-is-layout-9d6595d7 wp-block-columns-is-layout-flex\">\n<div class=\"wp-block-column is-layout-flow wp-block-column-is-layout-flow\">\n<p class=\"text-left\">Si est\u00e1 buscando el mejor lugar para comprar accesorios para ba\u00f1os comerciales, mamparas para inodoros, casilleros, sistemas de ducha de vidrio, paredes operables y otros productos especiales, se encuentra en el lugar correcto. <strong>Divisi\u00f3n Inter-Co 10<\/strong> es la empresa de distribuci\u00f3n de la Divisi\u00f3n 10 m\u00e1s grande de Am\u00e9rica del Norte, con 8 ubicaciones en Canad\u00e1 y los Estados Unidos.  <\/p>\n<\/div>\n\n\n\n<div class=\"wp-block-column is-layout-flow wp-block-column-is-layout-flow\">\n<p class=\"text-left\">Suministramos e instalamos cientos de productos diferentes de los principales fabricantes de todo el mundo. Nuestros proyectos incluyen oficinas, apartamentos y condominios multifamiliares, edificios industriales, hospitales, estadios, escuelas y universidades, instalaciones deportivas, hoteles, restaurantes, lugares de culto y pr\u00e1cticamente cualquier otro tipo de proyecto comercial.<\/p>\n<\/div>\n<\/div>\n\n\n\n<p class=\"has-text-align-center -mt-6 has-xl-font-size\">Nuestra empresa ha prestado servicios a contratistas generales y otros clientes durante m\u00e1s de 40 a\u00f1os.<br>y nos enorgullecemos de nuestra experiencia en productos, gesti\u00f3n de proyectos eficiente y receptiva y productos e instalaci\u00f3n de calidad. <\/p>\n\n\n\n<p class=\"has-text-align-center has-xl-font-size\"><strong>Esperamos trabajar con usted.<\/strong><\/p>\n\n\n\n<div style=\"height:100px\" aria-hidden=\"true\" class=\"wp-block-spacer\"><\/div>\n\n\n\n<h2 class=\"wp-block-heading has-text-align-center\">Interested in Working With Us?<\/h2>\n\n\n\n<p class=\"has-text-align-center\">Watch this short video to learn more about employment opportunities with our growing company!<\/p>\n\n\n\n<figure class=\"wp-block-embed alignwide is-type-video is-provider-vimeo wp-block-embed-vimeo wp-embed-aspect-21-9 wp-has-aspect-ratio\"><div class=\"wp-block-embed__wrapper\">\n<iframe title=\"INTER-CO - Division 10 Inc.\" data-src=\"https:\/\/player.vimeo.com\/video\/1073938130?dnt=1&amp;app_id=122963\" width=\"500\" height=\"209\" frameborder=\"0\" allow=\"autoplay; fullscreen; picture-in-picture; clipboard-write; encrypted-media\" src=\"data:image\/svg+xml;base64,PHN2ZyB3aWR0aD0iMSIgaGVpZ2h0PSIxIiB4bWxucz0iaHR0cDovL3d3dy53My5vcmcvMjAwMC9zdmciPjwvc3ZnPg==\" class=\"lazyload\" data-load-mode=\"1\"><\/iframe>\n<\/div><\/figure>","protected":false},"excerpt":{"rendered":"<p>If you are looking for the best place to purchase commercial washroom accessories, toilet partitions, lockers, glass shower systems, operable walls and other specialty products, you\u2019re in the right place. Inter-Co Division 10 is the largest Division 10 distribution company in North America, with 8 locations across Canada and the United States. We supply and [&hellip;]<\/p>\n","protected":false},"author":1,"featured_media":7363,"parent":0,"menu_order":0,"comment_status":"closed","ping_status":"closed","template":"page-home.php","meta":{"_acf_changed":false,"footnotes":""},"class_list":["post-32","page","type-page","status-publish","has-post-thumbnail","hentry"],"acf":[],"_links":{"self":[{"href":"https:\/\/inter-co.com\/es\/wp-json\/wp\/v2\/pages\/32","targetHints":{"allow":["GET"]}}],"collection":[{"href":"https:\/\/inter-co.com\/es\/wp-json\/wp\/v2\/pages"}],"about":[{"href":"https:\/\/inter-co.com\/es\/wp-json\/wp\/v2\/types\/page"}],"author":[{"embeddable":true,"href":"https:\/\/inter-co.com\/es\/wp-json\/wp\/v2\/users\/1"}],"replies":[{"embeddable":true,"href":"https:\/\/inter-co.com\/es\/wp-json\/wp\/v2\/comments?post=32"}],"version-history":[{"count":0,"href":"https:\/\/inter-co.com\/es\/wp-json\/wp\/v2\/pages\/32\/revisions"}],"wp:featuredmedia":[{"embeddable":true,"href":"https:\/\/inter-co.com\/es\/wp-json\/wp\/v2\/media\/7363"}],"wp:attachment":[{"href":"https:\/\/inter-co.com\/es\/wp-json\/wp\/v2\/media?parent=32"}],"curies":[{"name":"wp","href":"https:\/\/api.w.org\/{rel}","templated":true}]}}