{"id":32,"date":"2022-10-07T16:11:07","date_gmt":"2022-10-07T16:11:07","guid":{"rendered":"https:\/\/inter-co.com\/?page_id=32"},"modified":"2025-04-09T13:05:20","modified_gmt":"2025-04-09T17:05:20","slug":"homepage","status":"publish","type":"page","link":"https:\/\/inter-co.com\/fr\/","title":{"rendered":"Inter-Co Accueil"},"content":{"rendered":"<div class=\"wp-block-columns is-layout-flex wp-container-core-columns-is-layout-9d6595d7 wp-block-columns-is-layout-flex\">\n<div class=\"wp-block-column is-layout-flow wp-block-column-is-layout-flow\">\n<p class=\"text-left\">Si vous recherchez le meilleur endroit pour acheter des accessoires de salle de bain commerciaux, des cloisons de toilette, des casiers, des syst\u00e8mes de douche en verre, des murs mobiles et d&#039;autres produits sp\u00e9cialis\u00e9s, vous \u00eates au bon endroit. <strong>Inter-Co Division 10<\/strong> est la plus grande entreprise de distribution de la division 10 en Am\u00e9rique du Nord, avec 8 emplacements au Canada et aux \u00c9tats-Unis.  <\/p>\n<\/div>\n\n\n\n<div class=\"wp-block-column is-layout-flow wp-block-column-is-layout-flow\">\n<p class=\"text-left\">Nous fournissons et installons des centaines de produits diff\u00e9rents des principaux fabricants du monde entier. Nos projets comprennent des bureaux, des appartements multifamiliaux et des condominiums, des b\u00e2timents industriels, des h\u00f4pitaux, des stades, des \u00e9coles et des universit\u00e9s, des installations sportives, des h\u00f4tels, des restaurants, des lieux de culte et pratiquement tous les autres types de projets commerciaux.<\/p>\n<\/div>\n<\/div>\n\n\n\n<p class=\"has-text-align-center -mt-6 has-xl-font-size\">Notre entreprise est au service des entrepreneurs g\u00e9n\u00e9raux et autres clients depuis plus de 40 ans<br>et nous sommes fiers de notre expertise des produits, de notre gestion de projet efficace et r\u00e9active et de nos produits et installations de qualit\u00e9. <\/p>\n\n\n\n<p class=\"has-text-align-center has-xl-font-size\"><strong>Nous esp\u00e9rons travailler avec vous.<\/strong><\/p>\n\n\n\n<div style=\"height:100px\" aria-hidden=\"true\" class=\"wp-block-spacer\"><\/div>\n\n\n\n<h2 class=\"wp-block-heading has-text-align-center\">Interested in Working With Us?<\/h2>\n\n\n\n<p class=\"has-text-align-center\">Watch this short video to learn more about employment opportunities with our growing company!<\/p>\n\n\n\n<figure class=\"wp-block-embed alignwide is-type-video is-provider-vimeo wp-block-embed-vimeo wp-embed-aspect-21-9 wp-has-aspect-ratio\"><div class=\"wp-block-embed__wrapper\">\n<iframe title=\"INTER-CO - Division 10 Inc.\" data-src=\"https:\/\/player.vimeo.com\/video\/1073938130?dnt=1&amp;app_id=122963\" width=\"500\" height=\"209\" frameborder=\"0\" allow=\"autoplay; fullscreen; picture-in-picture; clipboard-write; encrypted-media\" src=\"data:image\/svg+xml;base64,PHN2ZyB3aWR0aD0iMSIgaGVpZ2h0PSIxIiB4bWxucz0iaHR0cDovL3d3dy53My5vcmcvMjAwMC9zdmciPjwvc3ZnPg==\" class=\"lazyload\" data-load-mode=\"1\"><\/iframe>\n<\/div><\/figure>","protected":false},"excerpt":{"rendered":"<p>If you are looking for the best place to purchase commercial washroom accessories, toilet partitions, lockers, glass shower systems, operable walls and other specialty products, you\u2019re in the right place. Inter-Co Division 10 is the largest Division 10 distribution company in North America, with 8 locations across Canada and the United States. We supply and [&hellip;]<\/p>\n","protected":false},"author":1,"featured_media":7363,"parent":0,"menu_order":0,"comment_status":"closed","ping_status":"closed","template":"page-home.php","meta":{"_acf_changed":false,"footnotes":""},"class_list":["post-32","page","type-page","status-publish","has-post-thumbnail","hentry"],"acf":[],"_links":{"self":[{"href":"https:\/\/inter-co.com\/fr\/wp-json\/wp\/v2\/pages\/32","targetHints":{"allow":["GET"]}}],"collection":[{"href":"https:\/\/inter-co.com\/fr\/wp-json\/wp\/v2\/pages"}],"about":[{"href":"https:\/\/inter-co.com\/fr\/wp-json\/wp\/v2\/types\/page"}],"author":[{"embeddable":true,"href":"https:\/\/inter-co.com\/fr\/wp-json\/wp\/v2\/users\/1"}],"replies":[{"embeddable":true,"href":"https:\/\/inter-co.com\/fr\/wp-json\/wp\/v2\/comments?post=32"}],"version-history":[{"count":0,"href":"https:\/\/inter-co.com\/fr\/wp-json\/wp\/v2\/pages\/32\/revisions"}],"wp:featuredmedia":[{"embeddable":true,"href":"https:\/\/inter-co.com\/fr\/wp-json\/wp\/v2\/media\/7363"}],"wp:attachment":[{"href":"https:\/\/inter-co.com\/fr\/wp-json\/wp\/v2\/media?parent=32"}],"curies":[{"name":"wp","href":"https:\/\/api.w.org\/{rel}","templated":true}]}}