{"id":7258,"date":"2022-12-20T13:11:24","date_gmt":"2022-12-20T18:11:24","guid":{"rendered":"https:\/\/inter-co.com\/?page_id=7258"},"modified":"2022-12-21T08:53:14","modified_gmt":"2022-12-21T13:53:14","slug":"conditions-of-sale","status":"publish","type":"page","link":"https:\/\/inter-co.com\/fr\/conditions-of-sale\/","title":{"rendered":"Conditions de vente"},"content":{"rendered":"<p style=\"font-weight: 400;\"><strong>Conditions de vente pour les achats en ligne<\/strong><\/p>\n<ol style=\"font-weight: 400;\">\n<li><strong>Taxe sur les achats.<\/strong><strong>\u00a0\u00a0<\/strong>Votre achat en ligne Inter-Co Division 10 sera assujetti \u00e0 la taxe de vente applicable \u00e0 l&#039;endroit d&#039;o\u00f9 le produit est exp\u00e9di\u00e9. Si le taux de taxe change avant l&#039;exp\u00e9dition de votre achat, le taux en vigueur au moment de l&#039;exp\u00e9dition de votre commande s&#039;appliquera.<\/li>\n<li><strong>Paiement.<\/strong>\u00a0Tous les prix sont en devises locales en fonction de l&#039;adresse \u00e0 laquelle vous avez choisi d&#039;exp\u00e9dier ou de r\u00e9cup\u00e9rer votre achat. La boutique en ligne Inter-Co Division 10 accepte une vari\u00e9t\u00e9 de m\u00e9thodes de paiement utilisant le syst\u00e8me de paiement PayPal. Des informations sur les m\u00e9thodes de paiement acceptables seront affich\u00e9es sur la page de paiement lors de la finalisation d&#039;un achat. Inter-Co a choisi d&#039;utiliser le syst\u00e8me PayPal pour assurer la protection de vos informations financi\u00e8res priv\u00e9es.<\/li>\n<li><strong>Retour.<\/strong>\u00a0Si vous n&#039;\u00eates pas satisfait d&#039;un article, vous pouvez demander un retour en nous envoyant un e-mail \u00e0\u00a0<a href=\"mailto:onlineorders@inter-co.com\">onlineorders@inter-co.com<\/a>. Pour les produits \u00e9ligibles, vous avez jusqu&#039;\u00e0 5 jours calendaires \u00e0 compter de la r\u00e9ception de l&#039;article pour effectuer un retour. Les articles in\u00e9ligibles pour un retour incluent :<\/li>\n<\/ol>\n<ol style=\"font-weight: 400;\">\n<li style=\"list-style-type: none;\">\n<ul>\n<li>articles qui n&#039;ont pas tous les emballages d&#039;origine disponibles pour retourner avec le produit<\/li>\n<\/ul>\n<\/li>\n<\/ol>\n<ol style=\"font-weight: 400;\">\n<li style=\"list-style-type: none;\">\n<ul>\n<li>\u00e9l\u00e9ments qui ont \u00e9t\u00e9 install\u00e9s (ou partiellement install\u00e9s)<\/li>\n<\/ul>\n<\/li>\n<\/ol>\n<ol style=\"font-weight: 400;\">\n<li style=\"list-style-type: none;\">\n<ul>\n<li>les articles qui pr\u00e9sentent des dommages physiques ou des marques caus\u00e9s par le client<\/li>\n<\/ul>\n<\/li>\n<\/ol>\n<ol style=\"font-weight: 400;\">\n<li style=\"list-style-type: none;\">\n<ul>\n<li>articles dont l&#039;emballage de protection a \u00e9t\u00e9 retir\u00e9<\/li>\n<\/ul>\n<\/li>\n<\/ol>\n<ol style=\"font-weight: 400;\">\n<li style=\"list-style-type: none;\">\n<ul>\n<li>articles sur mesure ou articles en commande sp\u00e9ciale<\/li>\n<\/ul>\n<\/li>\n<\/ol>\n<ol style=\"font-weight: 400;\">\n<li style=\"list-style-type: none;\">\n<ul>\n<li>en raison de la couleur et des tailles personnalis\u00e9es, toutes les commandes de cloisons de toilettes ne sont PAS SUJETTES \u00c0 \u00c9CHANGE, RETOUR OU REMBOURSEMENT<\/li>\n<\/ul>\n<\/li>\n<\/ol>\n<ol style=\"font-weight: 400;\">\n<li style=\"list-style-type: none;\">\n<ul>\n<li>en raison de la couleur et des tailles personnalis\u00e9es, toutes les commandes de casiers ne sont PAS SUJETTES \u00c0 \u00c9CHANGE, RETOUR OU REMBOURSEMENT<\/li>\n<\/ul>\n<\/li>\n<\/ol>\n<p style=\"font-weight: 400;\">D\u00e8s r\u00e9ception d&#039;une demande de retour d&#039;article, Inter-Co confirmera si cet article est retournable et \u00e9mettra un num\u00e9ro d&#039;autorisation de retour de marchandises (RGA). Le client peut alors retourner l&#039;article, \u00e0 ses frais. Dans les 5 jours suivant la r\u00e9ception de l&#039;article et l&#039;inspection des marchandises, Inter-Co proc\u00e9dera au remboursement de l&#039;article. Veuillez noter que tous les remboursements seront bas\u00e9s sur le prix d&#039;achat de l&#039;article moins les frais de r\u00e9approvisionnement 35%. Il n&#039;y aura aucun remboursement pour les frais d&#039;exp\u00e9dition du produit.<\/p>\n<ol style=\"font-weight: 400;\">\n<li><strong>Exp\u00e9dition.<\/strong>\u00a0Les articles sont exp\u00e9di\u00e9s d\u00e8s qu&#039;ils sont disponibles. Inter-Co met tout en \u0153uvre pour exp\u00e9dier dans les d\u00e9lais indiqu\u00e9s, mais ne garantit pas ces d\u00e9lais. Une fois que l&#039;article quitte notre entrep\u00f4t, la m\u00e9thode d&#039;exp\u00e9dition que vous choisissez sur la page de paiement d\u00e9termine la rapidit\u00e9 avec laquelle votre article exp\u00e9di\u00e9 est livr\u00e9 \u00e0 votre porte. Les frais de port sont calcul\u00e9s et affich\u00e9s avant que vous ne finalisiez votre commande sur la boutique en ligne Inter-Co Division 10. Peu de temps apr\u00e8s avoir pass\u00e9 votre commande, vous recevrez un e-mail d&#039;accus\u00e9 de r\u00e9ception de commande pour confirmer les d\u00e9tails de votre commande, y compris les informations d&#039;exp\u00e9dition. La boutique en ligne Inter-Co vend et exp\u00e9die des articles uniquement aux \u00c9tats-Unis continentaux et au Canada. Aucune exp\u00e9dition ne peut \u00eatre effectu\u00e9e \u00e0 des adresses de bo\u00eetes postales, \u00e0 des transitaires ou \u00e0 des adresses en dehors des \u00c9tats-Unis continentaux et du Canada. En cas de probl\u00e8me avec votre envoi, veuillez nous contacter au\u00a0<a href=\"mailto:onlineorders@inter-co.com\">onlineorders@inter-co.com<\/a>.<\/li>\n<li><strong>Informations de garantie.<\/strong>\u00a0\u00a0Tous nos produits sont accompagn\u00e9s d&#039;une garantie compl\u00e8te du fabricant, dont une copie est disponible sur demande. Inter-Co ne garantit pas les d\u00e9fauts de fabrication, car ceux-ci sont couverts par la garantie du fabricant. Si vous avez besoin d&#039;informations sur la garantie, veuillez nous contacter au\u00a0<a href=\"mailto:info@inter-co.com\">info@inter-co.com<\/a>.<\/li>\n<\/ol>","protected":false},"excerpt":{"rendered":"<p>Conditions of Sale for Online Purchases Tax on Purchases.\u00a0\u00a0Your Inter-Co Division 10 online purchase will be subject to Sales Tax applicable to the location that the product ships from. If the tax rate changes before your purchase is shipped, the rate in effect at the time your order ships will apply. Payment.\u00a0All prices are in [&hellip;]<\/p>\n","protected":false},"author":1,"featured_media":0,"parent":0,"menu_order":0,"comment_status":"closed","ping_status":"closed","template":"","meta":{"_acf_changed":false,"footnotes":""},"class_list":["post-7258","page","type-page","status-publish","hentry"],"acf":[],"_links":{"self":[{"href":"https:\/\/inter-co.com\/fr\/wp-json\/wp\/v2\/pages\/7258","targetHints":{"allow":["GET"]}}],"collection":[{"href":"https:\/\/inter-co.com\/fr\/wp-json\/wp\/v2\/pages"}],"about":[{"href":"https:\/\/inter-co.com\/fr\/wp-json\/wp\/v2\/types\/page"}],"author":[{"embeddable":true,"href":"https:\/\/inter-co.com\/fr\/wp-json\/wp\/v2\/users\/1"}],"replies":[{"embeddable":true,"href":"https:\/\/inter-co.com\/fr\/wp-json\/wp\/v2\/comments?post=7258"}],"version-history":[{"count":0,"href":"https:\/\/inter-co.com\/fr\/wp-json\/wp\/v2\/pages\/7258\/revisions"}],"wp:attachment":[{"href":"https:\/\/inter-co.com\/fr\/wp-json\/wp\/v2\/media?parent=7258"}],"curies":[{"name":"wp","href":"https:\/\/api.w.org\/{rel}","templated":true}]}}