{"id":7046,"date":"2022-12-07T13:24:53","date_gmt":"2022-12-07T13:24:53","guid":{"rendered":"https:\/\/inter-co.com\/product\/horizontal-stainless-steel-surface-mounted-baby-changing-station-by-koala-2\/"},"modified":"2023-06-22T13:41:25","modified_gmt":"2023-06-22T17:41:25","slug":"horizontal-stainless-steel-surface-mounted-baby-changing-station-by-koala-2","status":"publish","type":"product","link":"https:\/\/inter-co.com\/fr\/product\/horizontal-stainless-steel-surface-mounted-baby-changing-station-by-koala-2\/","title":{"rendered":"Table \u00e0 langer horizontale en acier inoxydable \u00e0 montage en surface par Koala"},"content":{"rendered":"","protected":false},"excerpt":{"rendered":"<p>Table \u00e0 langer murale horizontale avec ext\u00e9rieur en acier inoxydable monobloc \u00e0 grain uniforme et embouti.<\/p>","protected":false},"featured_media":7044,"template":"","meta":{"_acf_changed":false,"wds_primary_product_brand":0,"wds_primary_product_cat":0},"product_brand":[],"product_cat":[33],"product_tag":[],"class_list":{"0":"post-7046","1":"product","2":"type-product","3":"status-publish","4":"has-post-thumbnail","6":"product_cat-baby-change-tables","8":"first","9":"instock","10":"featured","11":"taxable","12":"shipping-taxable","13":"purchasable","14":"product-type-simple"},"acf":[],"_links":{"self":[{"href":"https:\/\/inter-co.com\/fr\/wp-json\/wp\/v2\/product\/7046","targetHints":{"allow":["GET"]}}],"collection":[{"href":"https:\/\/inter-co.com\/fr\/wp-json\/wp\/v2\/product"}],"about":[{"href":"https:\/\/inter-co.com\/fr\/wp-json\/wp\/v2\/types\/product"}],"wp:featuredmedia":[{"embeddable":true,"href":"https:\/\/inter-co.com\/fr\/wp-json\/wp\/v2\/media\/7044"}],"wp:attachment":[{"href":"https:\/\/inter-co.com\/fr\/wp-json\/wp\/v2\/media?parent=7046"}],"wp:term":[{"taxonomy":"product_brand","embeddable":true,"href":"https:\/\/inter-co.com\/fr\/wp-json\/wp\/v2\/product_brand?post=7046"},{"taxonomy":"product_cat","embeddable":true,"href":"https:\/\/inter-co.com\/fr\/wp-json\/wp\/v2\/product_cat?post=7046"},{"taxonomy":"product_tag","embeddable":true,"href":"https:\/\/inter-co.com\/fr\/wp-json\/wp\/v2\/product_tag?post=7046"}],"curies":[{"name":"wp","href":"https:\/\/api.w.org\/{rel}","templated":true}]}}